{"id":4,"date":"2017-07-06T18:23:16","date_gmt":"2017-07-06T15:23:16","guid":{"rendered":"http:\/\/teronklapi.fi\/wp\/?page_id=4"},"modified":"2026-04-18T17:39:39","modified_gmt":"2026-04-18T14:39:39","slug":"hinnasto","status":"publish","type":"page","link":"https:\/\/teronklapi.fi\/wp\/?page_id=4","title":{"rendered":"Hinnasto"},"content":{"rendered":"\n<p><\/p>\n\n\n\n<p class=\"has-large-font-size\">Kuiva polttopuu loppu kev\u00e4\u00e4lt\u00e4 2026.<\/p>\n\n\n\n<p><\/p>\n\n\n<p>Tavanomaisin toimitustapa on tilata polttopuuta irtokuutioittain. Teron Klapi toimittaa tilaamasi m\u00e4\u00e4r\u00e4t polttopuuta perille kotiisi.<\/p>\n<p><strong>Polttopuut toimitetaan irtotavarana, pihaan kipattuna.<\/strong> Kuljetuskalustona meill\u00e4 on k\u00e4tev\u00e4t\u00a0<strong>4 <\/strong>ja <strong>8 <\/strong>irtokuution \u00a0kippik\u00e4rryt, jolla kuorman purku on n\u00e4pp\u00e4r\u00e4 toteuttaa.<\/p>\n<p>Tuotamme p\u00e4\u00e4s\u00e4\u00e4nt\u00f6isesti koivuklapia, jossa on tunnetusti hyv\u00e4 l\u00e4mp\u00f6arvo ja sopii hyvin takkapuuksi. Sen lis\u00e4ksi teemme jonkin verran sekapuuta, joka pienemm\u00e4n l\u00e4mp\u00f6arvon johdosta sopii l\u00e4mp\u00f6kattiloihin ja saunan l\u00e4mmitykseen. Kysy lis\u00e4\u00e4 omiin tarpeisiisi sopivasta polttopuusta. Klapikaupastasi saat aina kuitin.<\/p>\n<h1>Klapituotteet<\/h1>\n<h3><strong>Koivuklapi, n. 33 cm, irtotavarana<\/strong><\/h3>\n<ul>\n<li>Kuiva\u00a0 1-laatu\u00a0 \u00a0 \u00a0 \u00a0 \u00a0 \u00a0 \u00a0 \u00a0 \u00a0 \u00a0 \u00a0 \u00a0 <strong>\u00a0 \u00a089,00 \u20ac \/ <\/strong>irtokuutio<\/li>\n<li>Alkuper\u00e4maa : Suomi<\/li>\n<\/ul>\n<h3><strong>Kuljetus<\/strong><\/h3>\n<ul>\n<li>L\u00e4ht\u00f6hinta\u00a0\u00a0\u00a0\u00a0\u00a0\u00a0\u00a0\u00a0\u00a0\u00a0\u00a0\u00a0\u00a0\u00a0\u00a0\u00a0\u00a0\u00a0\u00a0\u00a0\u00a0\u00a0\u00a0\u00a0<strong> \u00a0 \u00a0 \u00a0 \u00a0 15\u20ac<\/strong><\/li>\n<li>Kuljetushinta \u00a0\u00a0\u00a0\u00a0\u00a0\u00a0\u00a0\u00a0\u00a0\u00a0\u00a0\u00a0\u00a0\u00a0\u00a0\u00a0\u00a0\u00a0\u00a0<strong>\u00a0 \u00a0 \u00a0 \u00a0 \u00a01,30\u20ac\/km<\/strong> (veloitetaan yhteen suuntaan)<\/li>\n<li>Minimitoimitus \u00a0 \u00a0 \u00a0 \u00a0 \u00a0 \u00a0 \u00a0 \u00a0 \u00a0 \u00a0 \u00a0 \u00a0 \u00a0<strong> 1,5 irtokuutiota<\/strong><\/li>\n<\/ul>\n<p>Hinnat sis\u00e4lt\u00e4v\u00e4t voimassaolevan arvonlis\u00e4veron.<\/p>\n<h3><strong>Hintaesimerkki kuiva koivuklapi &#8211; 4 irtokuutiota koivuklapia toimitettuna Hyvink\u00e4\u00e4lle<\/strong><\/h3>\n<table>\n<tbody>\n<tr>\n<td align=\"left\"><strong>Tuote<\/strong><\/td>\n<td align=\"left\"><strong>Hinta<\/strong><\/td>\n<\/tr>\n<tr>\n<td align=\"left\">4 kuutiota koivuklapia<\/td>\n<td align=\"center\"><em>356,00\u20ac<\/em><\/td>\n<\/tr>\n<tr>\n<td align=\"left\">kuljetusl\u00e4ht\u00f6<\/td>\n<td align=\"center\"><em>15 \u20ac<\/em><\/td>\n<\/tr>\n<tr>\n<td align=\"left\">kuljetus Hyvink\u00e4\u00e4lle<\/td>\n<td align=\"center\"><em><strong>34<\/strong> km x 1,30 \u20ac<\/em><\/td>\n<\/tr>\n<tr>\n<td align=\"left\"><strong>kokonaishinta<\/strong><\/td>\n<td align=\"center\"><strong>415,20 \u20ac<\/strong><\/td>\n<\/tr>\n<\/tbody>\n<\/table>\n<h3><strong>Hintaesimerkki kuiva koivuklapi &#8211; 4 irtokuutiota koivuklapia toimitettuna Riihim\u00e4elle<\/strong><\/h3>\n<table>\n<tbody>\n<tr>\n<td align=\"left\"><strong>Tuote<\/strong><\/td>\n<td align=\"left\"><strong>Hinta<\/strong><\/td>\n<\/tr>\n<tr>\n<td align=\"left\">4 kuutiota koivuklapia<\/td>\n<td align=\"center\"><em>356,00 \u20ac<\/em><\/td>\n<\/tr>\n<tr>\n<td align=\"left\">kuljetusl\u00e4ht\u00f6<\/td>\n<td align=\"center\"><em>15 \u20ac<\/em><\/td>\n<\/tr>\n<tr>\n<td align=\"left\">kuljetus Riihim\u00e4ki<\/td>\n<td align=\"center\"><em><strong>24<\/strong> km x 1,30 \u20ac<\/em><\/td>\n<\/tr>\n<tr>\n<td align=\"left\"><strong>kokonaishinta<\/strong><\/td>\n<td align=\"center\"><strong>402,20 \u20ac<\/strong><\/td>\n<\/tr>\n<\/tbody>\n<\/table>\n<h3><strong>Hintaesimerkki kuiva koivuklapi &#8211; 4 irtokuutiota koivuklapia toimitettuna J\u00e4rvel\u00e4<\/strong><\/h3>\n<table>\n<tbody>\n<tr>\n<td align=\"left\"><strong>Tuote<\/strong><\/td>\n<td align=\"left\"><strong>Hinta<\/strong><\/td>\n<\/tr>\n<tr>\n<td align=\"left\">4 kuutiota koivuklapia<\/td>\n<td align=\"center\"><em>356,00\u20ac<\/em><\/td>\n<\/tr>\n<tr>\n<td align=\"left\">kuljetusl\u00e4ht\u00f6<\/td>\n<td align=\"center\"><em>15 \u20ac<\/em><\/td>\n<\/tr>\n<tr>\n<td align=\"left\">kuljetus J\u00e4rvel\u00e4<\/td>\n<td align=\"center\"><em><strong>12<\/strong> km x 1,30 \u20ac<\/em><\/td>\n<\/tr>\n<tr>\n<td align=\"left\"><strong>kokonaishinta<\/strong><\/td>\n<td align=\"center\"><strong>386,60 \u20ac<\/strong><\/td>\n<\/tr>\n<\/tbody>\n<\/table>\n<h3><strong>Kuljetuskalusto<\/strong><\/h3>\n<p>Toimitamme polttopuut asiakkaille k\u00e4tev\u00e4ll\u00e4\u00a0<strong>4<\/strong> ja <strong>8<\/strong> irtokuution kippik\u00e4rryll\u00e4. K\u00e4rry mahdollistaa nopeat toimitukset paikkoihin, joihin p\u00e4\u00e4see henkil\u00f6autolla ja per\u00e4k\u00e4rryll\u00e4.<\/p>\n<p>Voit my\u00f6s itse tulla hakemaan polttopuuta suoraan Yli-Harjulan tilalta, sovittuna ajankohtana.<\/p>\n<p>Ota yhteytt\u00e4!<\/p>\n<p><img loading=\"lazy\" decoding=\"async\" class=\"alignnone size-large wp-image-33\" src=\"http:\/\/teronklapi.fi\/wp\/wp-content\/uploads\/2017\/07\/IMG_1774-1024x683.jpg\" alt=\"\" width=\"1000\" height=\"667\" srcset=\"https:\/\/teronklapi.fi\/wp\/wp-content\/uploads\/2017\/07\/IMG_1774-1024x683.jpg 1024w, https:\/\/teronklapi.fi\/wp\/wp-content\/uploads\/2017\/07\/IMG_1774-300x200.jpg 300w, https:\/\/teronklapi.fi\/wp\/wp-content\/uploads\/2017\/07\/IMG_1774-768x512.jpg 768w, https:\/\/teronklapi.fi\/wp\/wp-content\/uploads\/2017\/07\/IMG_1774-900x600.jpg 900w, https:\/\/teronklapi.fi\/wp\/wp-content\/uploads\/2017\/07\/IMG_1774-1280x853.jpg 1280w\" sizes=\"auto, (max-width: 1000px) 100vw, 1000px\" \/><\/p>","protected":false},"excerpt":{"rendered":"<p>Kuiva polttopuu loppu kev\u00e4\u00e4lt\u00e4 2026. Tavanomaisin toimitustapa on tilata polttopuuta irtokuutioittain. Teron Klapi toimittaa tilaamasi m\u00e4\u00e4r\u00e4t polttopuuta perille kotiisi. Polttopuut toimitetaan irtotavarana, pihaan kipattuna. Kuljetuskalustona meill\u00e4 on k\u00e4tev\u00e4t\u00a04 ja 8 irtokuution \u00a0kippik\u00e4rryt, jolla kuorman purku on n\u00e4pp\u00e4r\u00e4 toteuttaa. Tuotamme p\u00e4\u00e4s\u00e4\u00e4nt\u00f6isesti koivuklapia, jossa on tunnetusti hyv\u00e4 l\u00e4mp\u00f6arvo ja sopii hyvin takkapuuksi. Sen lis\u00e4ksi teemme jonkin verran [&hellip;]<\/p>\n","protected":false},"author":1,"featured_media":0,"parent":0,"menu_order":0,"comment_status":"closed","ping_status":"closed","template":"","meta":{"footnotes":""},"class_list":["post-4","page","type-page","status-publish","hentry"],"_links":{"self":[{"href":"https:\/\/teronklapi.fi\/wp\/index.php?rest_route=\/wp\/v2\/pages\/4","targetHints":{"allow":["GET"]}}],"collection":[{"href":"https:\/\/teronklapi.fi\/wp\/index.php?rest_route=\/wp\/v2\/pages"}],"about":[{"href":"https:\/\/teronklapi.fi\/wp\/index.php?rest_route=\/wp\/v2\/types\/page"}],"author":[{"embeddable":true,"href":"https:\/\/teronklapi.fi\/wp\/index.php?rest_route=\/wp\/v2\/users\/1"}],"replies":[{"embeddable":true,"href":"https:\/\/teronklapi.fi\/wp\/index.php?rest_route=%2Fwp%2Fv2%2Fcomments&post=4"}],"version-history":[{"count":64,"href":"https:\/\/teronklapi.fi\/wp\/index.php?rest_route=\/wp\/v2\/pages\/4\/revisions"}],"predecessor-version":[{"id":393,"href":"https:\/\/teronklapi.fi\/wp\/index.php?rest_route=\/wp\/v2\/pages\/4\/revisions\/393"}],"wp:attachment":[{"href":"https:\/\/teronklapi.fi\/wp\/index.php?rest_route=%2Fwp%2Fv2%2Fmedia&parent=4"}],"curies":[{"name":"wp","href":"https:\/\/api.w.org\/{rel}","templated":true}]}}