{"id":8,"date":"2017-07-06T18:24:46","date_gmt":"2017-07-06T15:24:46","guid":{"rendered":"http:\/\/teronklapi.fi\/wp\/?page_id=8"},"modified":"2017-07-06T20:18:46","modified_gmt":"2017-07-06T17:18:46","slug":"yli-harjulan-tila","status":"publish","type":"page","link":"https:\/\/teronklapi.fi\/wp\/?page_id=8","title":{"rendered":"Yli-Harjulan tila"},"content":{"rendered":"<p>Yli-Harjulan tilan omistaa maatalousyritt\u00e4j\u00e4 Tero Takku perheineen. Tila sijaitsee Etel\u00e4isess\u00e4 Suomessa, P\u00e4ij\u00e4t-H\u00e4meen ja Kanta-H\u00e4meen maakuntien rajamailla.<\/p>\n<p><img loading=\"lazy\" decoding=\"async\" class=\"alignnone size-large wp-image-31\" src=\"http:\/\/teronklapi.fi\/wp\/wp-content\/uploads\/2017\/07\/IMG_5565-1024x683.jpg\" alt=\"\" width=\"1000\" height=\"667\" srcset=\"https:\/\/teronklapi.fi\/wp\/wp-content\/uploads\/2017\/07\/IMG_5565-1024x683.jpg 1024w, https:\/\/teronklapi.fi\/wp\/wp-content\/uploads\/2017\/07\/IMG_5565-300x200.jpg 300w, https:\/\/teronklapi.fi\/wp\/wp-content\/uploads\/2017\/07\/IMG_5565-768x512.jpg 768w, https:\/\/teronklapi.fi\/wp\/wp-content\/uploads\/2017\/07\/IMG_5565-900x600.jpg 900w, https:\/\/teronklapi.fi\/wp\/wp-content\/uploads\/2017\/07\/IMG_5565-1280x853.jpg 1280w\" sizes=\"auto, (max-width: 1000px) 100vw, 1000px\" \/><br \/>\nEetu Nokkalan rakennuttama p\u00e4\u00e4rakennus on valmistunut vuonna 1928.<\/p>\n<h3>Yli-Harjulan tilan historiikkia<\/h3>\n<p>Isovanhempani Maire ja Eino Takku ostivat Yli-Harjulan tilan kuudelle lapselleen Eetu Nokkalan perikunnalta vuonna 1958. Vanhempani Marja-Terttu ja Veijo pitiv\u00e4t tilaa vuodesta 1965 l\u00e4htien. Tilan navetta remontoitiin 1970 -luvun alussa sonneja varten ja niit\u00e4 kasvatettiin lihaksi aina kev\u00e4\u00e4seen 1996 asti. Tuolloin karja sai v\u00e4isty\u00e4 ja tilasta tuli kasvinviljelytila. Min\u00e4 aloin viljell\u00e4 tilaa vuonna 1998 is\u00e4ni j\u00e4\u00e4dess\u00e4 ns. luopumistuelle ensin vuokralla ja omistukseeni tila siirtyi vuonna 2003. My\u00f6hemmin maatalouden sivuelinkeinona aloitin pienimuotoisen polttopuukaupan. Muutimme asumaan tilalle Hausj\u00e4rven Oitista vuonna 2009 ja Yli-Harjulan p\u00e4\u00e4rakennusta asuvat itseni lis\u00e4ksi vaimoni Marjo ja lapsemme Mira, Tomi ja Joni.<\/p>\n<p>Yli-Harjulan is\u00e4nt\u00e4,<\/p>\n<p><em>Tero Takku<\/em><\/p>\n<p><img loading=\"lazy\" decoding=\"async\" class=\"alignnone size-large wp-image-37\" src=\"http:\/\/teronklapi.fi\/wp\/wp-content\/uploads\/2017\/07\/IMG_1707-1024x683.jpg\" alt=\"\" width=\"1000\" height=\"667\" srcset=\"https:\/\/teronklapi.fi\/wp\/wp-content\/uploads\/2017\/07\/IMG_1707-1024x683.jpg 1024w, https:\/\/teronklapi.fi\/wp\/wp-content\/uploads\/2017\/07\/IMG_1707-300x200.jpg 300w, https:\/\/teronklapi.fi\/wp\/wp-content\/uploads\/2017\/07\/IMG_1707-768x512.jpg 768w, https:\/\/teronklapi.fi\/wp\/wp-content\/uploads\/2017\/07\/IMG_1707-900x600.jpg 900w, https:\/\/teronklapi.fi\/wp\/wp-content\/uploads\/2017\/07\/IMG_1707-1280x853.jpg 1280w\" sizes=\"auto, (max-width: 1000px) 100vw, 1000px\" \/><br \/>\nTalon pihapiiriss\u00e4 on my\u00f6s vanhanajan aitta, joka tuo pihapiiriin kotoisuutta ja perinteik\u00e4st\u00e4 tunnelmaa.<\/p>\n<p><img loading=\"lazy\" decoding=\"async\" class=\"alignnone size-full wp-image-47\" src=\"http:\/\/teronklapi.fi\/wp\/wp-content\/uploads\/2017\/07\/kuivuritalvi.jpg\" alt=\"\" width=\"600\" height=\"400\" srcset=\"https:\/\/teronklapi.fi\/wp\/wp-content\/uploads\/2017\/07\/kuivuritalvi.jpg 600w, https:\/\/teronklapi.fi\/wp\/wp-content\/uploads\/2017\/07\/kuivuritalvi-300x200.jpg 300w\" sizes=\"auto, (max-width: 600px) 100vw, 600px\" \/><br \/>\nTilan kuivurirakennus kohoaa l\u00e4hes 15 metrin korkeuteen ja se n\u00e4kyy kantatie 54:lta helposti.<\/p>\n","protected":false},"excerpt":{"rendered":"<p>Yli-Harjulan tilan omistaa maatalousyritt\u00e4j\u00e4 Tero Takku perheineen. Tila sijaitsee Etel\u00e4isess\u00e4 Suomessa, P\u00e4ij\u00e4t-H\u00e4meen ja Kanta-H\u00e4meen maakuntien rajamailla. Eetu Nokkalan rakennuttama p\u00e4\u00e4rakennus on valmistunut vuonna 1928. Yli-Harjulan tilan historiikkia Isovanhempani Maire ja Eino Takku ostivat Yli-Harjulan tilan kuudelle lapselleen Eetu Nokkalan perikunnalta vuonna 1958. Vanhempani Marja-Terttu ja Veijo pitiv\u00e4t tilaa vuodesta 1965 l\u00e4htien. Tilan navetta remontoitiin 1970 [&hellip;]<\/p>\n","protected":false},"author":1,"featured_media":0,"parent":0,"menu_order":0,"comment_status":"closed","ping_status":"closed","template":"","meta":{"footnotes":""},"class_list":["post-8","page","type-page","status-publish","hentry"],"_links":{"self":[{"href":"https:\/\/teronklapi.fi\/wp\/index.php?rest_route=\/wp\/v2\/pages\/8","targetHints":{"allow":["GET"]}}],"collection":[{"href":"https:\/\/teronklapi.fi\/wp\/index.php?rest_route=\/wp\/v2\/pages"}],"about":[{"href":"https:\/\/teronklapi.fi\/wp\/index.php?rest_route=\/wp\/v2\/types\/page"}],"author":[{"embeddable":true,"href":"https:\/\/teronklapi.fi\/wp\/index.php?rest_route=\/wp\/v2\/users\/1"}],"replies":[{"embeddable":true,"href":"https:\/\/teronklapi.fi\/wp\/index.php?rest_route=%2Fwp%2Fv2%2Fcomments&post=8"}],"version-history":[{"count":4,"href":"https:\/\/teronklapi.fi\/wp\/index.php?rest_route=\/wp\/v2\/pages\/8\/revisions"}],"predecessor-version":[{"id":92,"href":"https:\/\/teronklapi.fi\/wp\/index.php?rest_route=\/wp\/v2\/pages\/8\/revisions\/92"}],"wp:attachment":[{"href":"https:\/\/teronklapi.fi\/wp\/index.php?rest_route=%2Fwp%2Fv2%2Fmedia&parent=8"}],"curies":[{"name":"wp","href":"https:\/\/api.w.org\/{rel}","templated":true}]}}