{"id":99,"date":"2017-07-07T12:06:06","date_gmt":"2017-07-07T09:06:06","guid":{"rendered":"http:\/\/teronklapi.fi\/wp\/?page_id=99"},"modified":"2017-07-07T13:54:42","modified_gmt":"2017-07-07T10:54:42","slug":"tietoa-polttopuista","status":"publish","type":"page","link":"https:\/\/teronklapi.fi\/wp\/?page_id=99","title":{"rendered":"Tietoa polttopuista"},"content":{"rendered":"<h3>Puun l\u00e4mp\u00f6arvo<\/h3>\n<p>Puun l\u00e4mp\u00f6arvo kertoo, kuinka tehokkaasti poltettava puu l\u00e4mmitt\u00e4\u00e4. T\u00e4h\u00e4n l\u00e4mp\u00f6arvoon vaikuttaa poltettavan puun kosteus. Mit\u00e4 kuivempaa puu on sit\u00e4 suurempi on sen l\u00e4mp\u00f6arvo. Eri puulajien l\u00e4mp\u00f6arvoilla ei ole juurikaan eroja verrattaessa kuiva-ainetta painoyksikk\u00f6\u00e4 kohden.<\/p>\n<p>Tiheimp\u00e4n\u00e4 koivun l\u00e4mp\u00f6arvo tilavuusyksikk\u00f6\u00e4 kohden on suurin. Yhdest\u00e4 kiintokuutiosta saadaan 2,2-2,5 irto-m3 haketta, jonka l\u00e4mp\u00f6arvo vaihtelee 1700 &#8211; 2400 kWh v\u00e4lill\u00e4 puulajista riippuen.<\/p>\n<table>\n<tbody>\n<tr>\n<td align=\"center\"><strong>Puulaji<\/strong><\/td>\n<td align=\"center\"><strong>L\u00e4mp\u00f6m\u00e4\u00e4r\u00e4 kwh\/kg<\/strong><\/td>\n<td align=\"center\"><strong>L\u00e4mp\u00f6arvo kwh<\/strong><\/td>\n<\/tr>\n<tr>\n<td align=\"center\">M\u00e4nty<\/td>\n<td align=\"center\"><em>4,15<\/em><\/td>\n<td align=\"center\"><em>1360<\/em><\/td>\n<\/tr>\n<tr>\n<td align=\"center\">Kuusi<\/td>\n<td align=\"center\"><em>4,10<\/em><\/td>\n<td align=\"center\"><em>1320<\/em><\/td>\n<\/tr>\n<tr>\n<td align=\"center\">Koivu<\/td>\n<td align=\"center\"><em>4,15<\/em><\/td>\n<td align=\"center\"><em>1700<\/em><\/td>\n<\/tr>\n<tr>\n<td align=\"center\">Lepp\u00e4<\/td>\n<td align=\"center\">4,05<\/td>\n<td align=\"center\"><em>1230<\/em><\/td>\n<\/tr>\n<tr>\n<td align=\"center\">Haapa<\/td>\n<td align=\"center\">4,00<\/td>\n<td align=\"center\"><em>1330<\/em><\/td>\n<\/tr>\n<\/tbody>\n<\/table>\n","protected":false},"excerpt":{"rendered":"<p>Puun l\u00e4mp\u00f6arvo Puun l\u00e4mp\u00f6arvo kertoo, kuinka tehokkaasti poltettava puu l\u00e4mmitt\u00e4\u00e4. T\u00e4h\u00e4n l\u00e4mp\u00f6arvoon vaikuttaa poltettavan puun kosteus. Mit\u00e4 kuivempaa puu on sit\u00e4 suurempi on sen l\u00e4mp\u00f6arvo. Eri puulajien l\u00e4mp\u00f6arvoilla ei ole juurikaan eroja verrattaessa kuiva-ainetta painoyksikk\u00f6\u00e4 kohden. Tiheimp\u00e4n\u00e4 koivun l\u00e4mp\u00f6arvo tilavuusyksikk\u00f6\u00e4 kohden on suurin. Yhdest\u00e4 kiintokuutiosta saadaan 2,2-2,5 irto-m3 haketta, jonka l\u00e4mp\u00f6arvo vaihtelee 1700 &#8211; 2400 [&hellip;]<\/p>\n","protected":false},"author":1,"featured_media":0,"parent":0,"menu_order":0,"comment_status":"closed","ping_status":"closed","template":"","meta":{"footnotes":""},"class_list":["post-99","page","type-page","status-publish","hentry"],"_links":{"self":[{"href":"https:\/\/teronklapi.fi\/wp\/index.php?rest_route=\/wp\/v2\/pages\/99","targetHints":{"allow":["GET"]}}],"collection":[{"href":"https:\/\/teronklapi.fi\/wp\/index.php?rest_route=\/wp\/v2\/pages"}],"about":[{"href":"https:\/\/teronklapi.fi\/wp\/index.php?rest_route=\/wp\/v2\/types\/page"}],"author":[{"embeddable":true,"href":"https:\/\/teronklapi.fi\/wp\/index.php?rest_route=\/wp\/v2\/users\/1"}],"replies":[{"embeddable":true,"href":"https:\/\/teronklapi.fi\/wp\/index.php?rest_route=%2Fwp%2Fv2%2Fcomments&post=99"}],"version-history":[{"count":2,"href":"https:\/\/teronklapi.fi\/wp\/index.php?rest_route=\/wp\/v2\/pages\/99\/revisions"}],"predecessor-version":[{"id":104,"href":"https:\/\/teronklapi.fi\/wp\/index.php?rest_route=\/wp\/v2\/pages\/99\/revisions\/104"}],"wp:attachment":[{"href":"https:\/\/teronklapi.fi\/wp\/index.php?rest_route=%2Fwp%2Fv2%2Fmedia&parent=99"}],"curies":[{"name":"wp","href":"https:\/\/api.w.org\/{rel}","templated":true}]}}